{"id":2181,"date":"2021-03-06T08:56:17","date_gmt":"2021-03-06T07:56:17","guid":{"rendered":"https:\/\/palazzo42.it\/privacy-policy\/"},"modified":"2021-03-06T08:56:17","modified_gmt":"2021-03-06T07:56:17","slug":"privacy-policy","status":"publish","type":"page","link":"https:\/\/palazzo42.it\/fr\/privacy-policy\/","title":{"rendered":"Privacy Policy"},"content":{"rendered":"<p><strong>Privacy Policy<\/strong><\/p>\n<p><b>Informativa ai sensi dell\u2019art. 13 del Reg UE 2016\/679<\/b><\/p>\n<p><span style=\"font-weight: 400;\">Desideriamo informarLa che i Suoi dati personali, raccolti tramite registrazione nel sito https:\/\/www.palazzo42.com\/\u00a0 (d\u2019ora in avanti \u201csito\u201d), saranno utilizzati da parte di PALAZZO 42 SRL, nel pieno rispetto dei principi fondamentali, dettati dal decreto legislativo n. 196 del 30 giugno 2003 (e s.m.i.) e dal Regolamento Europeo 2016\/679 (d\u2019ora in avanti \u201cGdpr\u201d).\u00a0<\/span><\/p>\n<p><span style=\"font-weight: 400;\">Di seguito, Le riepiloghiamo tutte le operazioni da noi svolte che implicano raccolta, conservazione od elaborazione dei Suoi dati personali, e gli scopi che perseguiamo con ciascuna di esse:<\/span><\/p>\n<ol>\n<li style=\"list-style-type: none;\">\n<ol>\n<li style=\"font-weight: 400;\" aria-level=\"1\"><span style=\"font-weight: 400;\">Raccolta e conservazione dei Suoi dati personali (eventualmente i dati della carta di credito a garanzia dell\u2019obbligazione di pagamento assunta) al fine della fornitura del servizio di prenotazione\/acquisto. Trattandosi di trattamenti necessari per la definizione dell\u2019accordo contrattuale e per la sua successiva attuazione, il conferimento \u00e8 obbligatorio.\u00a0Il mancato conferimento comporter\u00e0 l\u2019impossibilit\u00e0 di fornirLe il servizio di prenotazione\/acquisto. Tali dati saranno cancellati non appena si sar\u00e0 estinta la finalit\u00e0 per la quale sono stati raccolti.<\/span><\/li>\n<li style=\"font-weight: 400;\" aria-level=\"1\"><span style=\"font-weight: 400;\">Al fine dell\u2019adempimento previsto per gli obblighi amministrativi, contabili e fiscali. Per tali finalit\u00e0 il trattamento \u00e8 effettuato senza necessit\u00e0 di acquisire il suo consenso. In caso di rifiuto a conferire i dati necessari per gli adempimenti sopra indicati, non potremo fornirle i servizi richiesti. I dati acquisiti per tali finalit\u00e0 vengono da noi conservati per il tempo previsto dalle rispettive normative (10 anni, e anche oltre in caso di accertamenti fiscali);<\/span><\/li>\n<li style=\"font-weight: 400;\" aria-level=\"1\"><span style=\"font-weight: 400;\">Rispondere a Sue eventuali richieste di informazioni via email, sms, whatsapp. Il conferimento dei dati \u00e8 facoltativo ma, in mancanza, non potremo rispondere alla Sua richiesta di informazioni. Tali dati saranno cancellati non appena si sar\u00e0 estinta la finalit\u00e0 per la quale sono stati raccolti.<\/span><\/li>\n<li style=\"font-weight: 400;\" aria-level=\"1\"><span style=\"font-weight: 400;\">Se ci dar\u00e0 il Suo consenso, Le invieremo comunicazioni promozionali, anche personalizzate (es. Newsletter, e-mail, sms, posta tradizionale, chiamate tramite operatore, instant messaging, post, messaggi o comunicazioni di iniziative su social network, ecc.), per aggiornarLa su servizi, offerte ed iniziative, <\/span><b>eventualmente sconti e\/o altre condizioni di favore a Lei riservate.<\/b><span style=\"font-weight: 400;\">. Tali dati saranno conservati per cinque anni. Potr\u00e0 revocare il consenso a tale trattamento in qualsiasi momento senza che ci\u00f2 pregiudichi la liceit\u00e0 di trattamenti precedenti basati sul consenso.\u00a0<\/span><\/li>\n<\/ol>\n<\/li>\n<\/ol>\n<ul>\n<li aria-level=\"1\"><span style=\"font-weight: 400;\">Se ci dar\u00e0 il Suo consenso, i Suoi dati saranno comunicati a societ\u00e0 del Gruppo (controllanti, controllate o collegate) e a societ\u00e0 terze, che potrebbero contattarLa per farLe conoscere loro offerte, promozioni, aggiornamenti su prodotti e servizi<\/span><span style=\"font-weight: 400;\">, <\/span><b>eventualmente sconti e\/o altre condizioni di favore a Lei riservate.\u00a0<\/b><\/li>\n<\/ul>\n<p>&nbsp;<\/p>\n<p><span style=\"font-weight: 400;\">Se decider\u00e0 di accedere al form di prenotazione online tramite un Suo account social, ai seguenti link trover\u00e0 le relative informative privacy:<\/span><span style=\"font-weight: 400;\"> PERSONALIZZARE ELENCO DEI SOCIAL o ELIMINARE SE NON RICORRE<\/span><\/p>\n<p><a href=\"https:\/\/www.blastness.com\/en\/cookie\/?fbclid=IwAR0NazmXpwcvDLlSn-MIhkXpOfxLFFzQVXaQ91uTpZ7pjjFmjbCncR-nwWQ\"><span style=\"font-weight: 400;\">Accesso con account Facebook\u00a0<\/span><\/a><\/p>\n<p><a href=\"https:\/\/policies.google.com\/privacy?gl=IT&amp;hl=it\"><span style=\"font-weight: 400;\">Accesso con account Google<\/span><\/a><\/p>\n<p><span style=\"font-weight: 400;\">I Suoi dati verranno trattati in modalit\u00e0 sia cartacea che informatica.<\/span><\/p>\n<p><span style=\"font-weight: 400;\">I dati sono trattati da nostro personale interno autorizzato e\/o designato e, eventualmente, da Responsabili del trattamento nominati ai sensi dell\u2019art. 28 Gdpr (ad es.: consulente amministrativo, fiscale, tributario, gestore sito web, agenzie di marketing). I dati possono essere comunicati all\u2019esterno in adempimento ad obblighi di legge; qualora siano oggetto di trasferimento ad un paese terzo o ad un\u2019organizzazione internazionale, ci\u00f2 avverr\u00e0 nei limiti e con le garanzie previste al Capo V del GDPR.<\/span><\/p>\n<p><span style=\"font-weight: 400;\">Il titolare del trattamento \u00e8:\u00a0PALAZZO 42 SRL <\/span><span style=\"font-weight: 400;\">(via \u00a0 S.Andrea 40 \u00a0 \u00a0\u2013 Pistoia \u2013 tel 0573 \u00a026743 \u00a0).<\/span><\/p>\n<p><span style=\"font-weight: 400;\"><br \/>\n<\/span><span style=\"font-weight: 400;\">In ogni momento potr\u00e0 esercitare i Suoi diritti nei confronti del titolare del trattamento, ai sensi degli artt. 15-22 Gdpr (tra cui accesso, rettifica, cancellazione, limitazione, opposizione, ove tecnicamente possibili e compatibili con obblighi di legge) inviando una mail a <\/span><span style=\"font-weight: 400;\">info@palazzo42.com<\/span><span style=\"font-weight: 400;\">, oppure una comunicazione scritta (o telefonica) presso la sede del titolare del trattamento.<\/span> <span style=\"font-weight: 400;\">Salvo il diritto di presentare reclamo all\u2019autorit\u00e0 di controllo <\/span><a href=\"http:\/\/www.garanteprivacy.it\/\"><span style=\"font-weight: 400;\">www.garanteprivacy.it<\/span><\/a><span style=\"font-weight: 400;\">.<\/span><\/p>\n<p><strong>Cookie Policy<\/strong><\/p>\n<p>I cookie sono stringhe di testo di piccole dimensioni che i siti visitati dall&#8217;utente inviano al suo terminale (solitamente al\u00a0browser), dove vengono memorizzati per essere poi ritrasmessi agli stessi siti alla successiva visita del medesimo utente.<br \/>\nNel corso della navigazione su un sito, l&#8217;utente pu\u00f2 ricevere sul suo terminale anche cookie che vengono inviati da siti o\u00a0da web server diversi (c.d. &#8220;terze parti&#8221;), sui quali possono risiedere alcuni elementi (quali, ad esempio, immagini,\u00a0mappe, suoni, specifici link a pagine di altri domini) presenti sul sito che lo stesso sta visitando.<br \/>\nI cookie sono usati per differenti finalit\u00e0, per esempio: esecuzione di autenticazioni informatiche, monitoraggio di\u00a0sessioni, memorizzazione di informazioni su specifiche configurazioni riguardanti gli utenti che accedono al server.<\/p>\n<p>COOKIE TECNICI: sono quelli utilizzati al solo fine di &#8220;effettuare la trasmissione di una comunicazione su una rete di\u00a0comunicazione elettronica, o nella misura strettamente necessaria al fornitore di un servizio della societ\u00e0\u00a0dell&#8217;informazione esplicitamente richiesto dall&#8217;abbonato o dall&#8217;utente a erogare tale servizio&#8221;<\/p>\n<p>Il presente sito utilizza COOKIE TECNICI e non utilizza\u00a0COOKIE DI PROFILAZIONE.<\/p>\n<p>&nbsp;<\/p>\n","protected":false},"excerpt":{"rendered":"<p>Privacy Policy Informativa ai sensi dell\u2019art. 13 del Reg UE 2016\/679 Desideriamo informarLa che i Suoi dati personali, raccolti tramite registrazione nel sito https:\/\/www.palazzo42.com\/\u00a0 (d\u2019ora in avanti \u201csito\u201d), saranno utilizzati da parte di PALAZZO 42 SRL, nel pieno rispetto dei principi fondamentali, dettati dal decreto legislativo n. 196 del 30 giugno 2003 (e s.m.i.) e &hellip; <\/p>\n<p class=\"link-more\"><a href=\"https:\/\/palazzo42.it\/fr\/privacy-policy\/\" class=\"more-link\">Continue reading<span class=\"screen-reader-text\"> &#8220;Privacy Policy&#8221;<\/span><\/a><\/p>\n","protected":false},"author":1,"featured_media":0,"parent":0,"menu_order":0,"comment_status":"closed","ping_status":"closed","template":"","meta":{"footnotes":""},"class_list":["post-2181","page","type-page","status-publish","hentry","entry"],"yoast_head":"<!-- This site is optimized with the Yoast SEO plugin v26.3 - https:\/\/yoast.com\/wordpress\/plugins\/seo\/ -->\n<title>Privacy Policy - Palazzo 42<\/title>\n<meta name=\"robots\" content=\"index, follow, max-snippet:-1, max-image-preview:large, max-video-preview:-1\" \/>\n<link rel=\"canonical\" href=\"https:\/\/palazzo42.it\/fr\/privacy-policy\/\" \/>\n<meta property=\"og:locale\" content=\"fr_FR\" \/>\n<meta property=\"og:type\" content=\"article\" \/>\n<meta property=\"og:title\" content=\"Privacy Policy - Palazzo 42\" \/>\n<meta property=\"og:description\" content=\"Privacy Policy Informativa ai sensi dell\u2019art. 13 del Reg UE 2016\/679 Desideriamo informarLa che i Suoi dati personali, raccolti tramite registrazione nel sito https:\/\/www.palazzo42.com\/\u00a0 (d\u2019ora in avanti \u201csito\u201d), saranno utilizzati da parte di PALAZZO 42 SRL, nel pieno rispetto dei principi fondamentali, dettati dal decreto legislativo n. 196 del 30 giugno 2003 (e s.m.i.) e &hellip; Continue reading &quot;Privacy Policy&quot;\" \/>\n<meta property=\"og:url\" content=\"https:\/\/palazzo42.it\/fr\/privacy-policy\/\" \/>\n<meta property=\"og:site_name\" content=\"Palazzo 42\" \/>\n<meta name=\"twitter:card\" content=\"summary_large_image\" \/>\n<meta name=\"twitter:label1\" content=\"Est. reading time\" \/>\n\t<meta name=\"twitter:data1\" content=\"4 minutes\" \/>\n<script type=\"application\/ld+json\" class=\"yoast-schema-graph\">{\"@context\":\"https:\/\/schema.org\",\"@graph\":[{\"@type\":\"WebPage\",\"@id\":\"https:\/\/palazzo42.it\/fr\/privacy-policy\/\",\"url\":\"https:\/\/palazzo42.it\/fr\/privacy-policy\/\",\"name\":\"Privacy Policy - Palazzo 42\",\"isPartOf\":{\"@id\":\"https:\/\/palazzo42.it\/fr\/#website\"},\"datePublished\":\"2021-03-06T07:56:17+00:00\",\"breadcrumb\":{\"@id\":\"https:\/\/palazzo42.it\/fr\/privacy-policy\/#breadcrumb\"},\"inLanguage\":\"fr-FR\",\"potentialAction\":[{\"@type\":\"ReadAction\",\"target\":[\"https:\/\/palazzo42.it\/fr\/privacy-policy\/\"]}]},{\"@type\":\"BreadcrumbList\",\"@id\":\"https:\/\/palazzo42.it\/fr\/privacy-policy\/#breadcrumb\",\"itemListElement\":[{\"@type\":\"ListItem\",\"position\":1,\"name\":\"Home\",\"item\":\"https:\/\/palazzo42.it\/fr\/\"},{\"@type\":\"ListItem\",\"position\":2,\"name\":\"Privacy Policy\"}]},{\"@type\":\"WebSite\",\"@id\":\"https:\/\/palazzo42.it\/fr\/#website\",\"url\":\"https:\/\/palazzo42.it\/fr\/\",\"name\":\"Palazzo 42\",\"description\":\"Boutique Hotel &amp; Suites a Pistoia\",\"potentialAction\":[{\"@type\":\"SearchAction\",\"target\":{\"@type\":\"EntryPoint\",\"urlTemplate\":\"https:\/\/palazzo42.it\/fr\/?s={search_term_string}\"},\"query-input\":{\"@type\":\"PropertyValueSpecification\",\"valueRequired\":true,\"valueName\":\"search_term_string\"}}],\"inLanguage\":\"fr-FR\"}]}<\/script>\n<!-- \/ Yoast SEO plugin. -->","yoast_head_json":{"title":"Privacy Policy - Palazzo 42","robots":{"index":"index","follow":"follow","max-snippet":"max-snippet:-1","max-image-preview":"max-image-preview:large","max-video-preview":"max-video-preview:-1"},"canonical":"https:\/\/palazzo42.it\/fr\/privacy-policy\/","og_locale":"fr_FR","og_type":"article","og_title":"Privacy Policy - Palazzo 42","og_description":"Privacy Policy Informativa ai sensi dell\u2019art. 13 del Reg UE 2016\/679 Desideriamo informarLa che i Suoi dati personali, raccolti tramite registrazione nel sito https:\/\/www.palazzo42.com\/\u00a0 (d\u2019ora in avanti \u201csito\u201d), saranno utilizzati da parte di PALAZZO 42 SRL, nel pieno rispetto dei principi fondamentali, dettati dal decreto legislativo n. 196 del 30 giugno 2003 (e s.m.i.) e &hellip; Continue reading \"Privacy Policy\"","og_url":"https:\/\/palazzo42.it\/fr\/privacy-policy\/","og_site_name":"Palazzo 42","twitter_card":"summary_large_image","twitter_misc":{"Est. reading time":"4 minutes"},"schema":{"@context":"https:\/\/schema.org","@graph":[{"@type":"WebPage","@id":"https:\/\/palazzo42.it\/fr\/privacy-policy\/","url":"https:\/\/palazzo42.it\/fr\/privacy-policy\/","name":"Privacy Policy - Palazzo 42","isPartOf":{"@id":"https:\/\/palazzo42.it\/fr\/#website"},"datePublished":"2021-03-06T07:56:17+00:00","breadcrumb":{"@id":"https:\/\/palazzo42.it\/fr\/privacy-policy\/#breadcrumb"},"inLanguage":"fr-FR","potentialAction":[{"@type":"ReadAction","target":["https:\/\/palazzo42.it\/fr\/privacy-policy\/"]}]},{"@type":"BreadcrumbList","@id":"https:\/\/palazzo42.it\/fr\/privacy-policy\/#breadcrumb","itemListElement":[{"@type":"ListItem","position":1,"name":"Home","item":"https:\/\/palazzo42.it\/fr\/"},{"@type":"ListItem","position":2,"name":"Privacy Policy"}]},{"@type":"WebSite","@id":"https:\/\/palazzo42.it\/fr\/#website","url":"https:\/\/palazzo42.it\/fr\/","name":"Palazzo 42","description":"Boutique Hotel &amp; Suites a Pistoia","potentialAction":[{"@type":"SearchAction","target":{"@type":"EntryPoint","urlTemplate":"https:\/\/palazzo42.it\/fr\/?s={search_term_string}"},"query-input":{"@type":"PropertyValueSpecification","valueRequired":true,"valueName":"search_term_string"}}],"inLanguage":"fr-FR"}]}},"publishpress_future_action":{"enabled":false,"date":"2026-05-23 21:28:57","action":"change-status","newStatus":"draft","terms":[],"taxonomy":"translation_priority","extraData":[]},"publishpress_future_workflow_manual_trigger":{"enabledWorkflows":[]},"_links":{"self":[{"href":"https:\/\/palazzo42.it\/fr\/wp-json\/wp\/v2\/pages\/2181","targetHints":{"allow":["GET"]}}],"collection":[{"href":"https:\/\/palazzo42.it\/fr\/wp-json\/wp\/v2\/pages"}],"about":[{"href":"https:\/\/palazzo42.it\/fr\/wp-json\/wp\/v2\/types\/page"}],"author":[{"embeddable":true,"href":"https:\/\/palazzo42.it\/fr\/wp-json\/wp\/v2\/users\/1"}],"replies":[{"embeddable":true,"href":"https:\/\/palazzo42.it\/fr\/wp-json\/wp\/v2\/comments?post=2181"}],"version-history":[{"count":0,"href":"https:\/\/palazzo42.it\/fr\/wp-json\/wp\/v2\/pages\/2181\/revisions"}],"wp:attachment":[{"href":"https:\/\/palazzo42.it\/fr\/wp-json\/wp\/v2\/media?parent=2181"}],"curies":[{"name":"wp","href":"https:\/\/api.w.org\/{rel}","templated":true}]}}